{"id":131,"date":"2025-10-17T13:24:09","date_gmt":"2025-10-17T13:24:09","guid":{"rendered":"https:\/\/northcopter.com\/?page_id=131"},"modified":"2026-03-08T10:24:42","modified_gmt":"2026-03-08T10:24:42","slug":"3d-printed-optical-parts","status":"publish","type":"page","link":"https:\/\/northcopter.com\/index.php\/3d-printed-optical-parts\/","title":{"rendered":"3D printed optical parts"},"content":{"rendered":"\t\t<div data-elementor-type=\"wp-page\" data-elementor-id=\"131\" class=\"elementor elementor-131\">\n\t\t\t\t<div class=\"elementor-element elementor-element-bcc1e99 e-flex e-con-boxed e-con e-parent\" data-id=\"bcc1e99\" data-element_type=\"container\">\n\t\t\t\t\t<div class=\"e-con-inner\">\n\t\t\t\t<div class=\"elementor-element elementor-element-3b93b01 elementor-widget elementor-widget-image\" data-id=\"3b93b01\" data-element_type=\"widget\" data-widget_type=\"image.default\">\n\t\t\t\t\t\t\t\t\t\t\t\t\t\t\t<img fetchpriority=\"high\" decoding=\"async\" width=\"525\" height=\"350\" src=\"https:\/\/northcopter.com\/wp-content\/uploads\/2025\/11\/guides-1024x683.webp\" class=\"attachment-large size-large wp-image-165\" alt=\"3d printed plastic optical parts\" srcset=\"https:\/\/northcopter.com\/wp-content\/uploads\/2025\/11\/guides-1024x683.webp 1024w, https:\/\/northcopter.com\/wp-content\/uploads\/2025\/11\/guides-300x200.webp 300w, https:\/\/northcopter.com\/wp-content\/uploads\/2025\/11\/guides-768x512.webp 768w, https:\/\/northcopter.com\/wp-content\/uploads\/2025\/11\/guides.webp 1536w\" sizes=\"100vw\" \/>\t\t\t\t\t\t\t\t\t\t\t\t\t\t\t<\/div>\n\t\t\t\t<div class=\"elementor-element elementor-element-3363079 elementor-widget elementor-widget-text-editor\" data-id=\"3363079\" data-element_type=\"widget\" data-widget_type=\"text-editor.default\">\n\t\t\t\t\t\t\t\t\t<p>We have developed specific resins for optical applications, as well as chemical and mechanical polishing systems to obtain parts with exceptional qualities through 3D printing.<\/p><p>We also have a unique coating technique to generate \u2018light guide\u2019 effects.<\/p><p>More details : <a href=\"mailto:lak@northcopter.com\">lak@northcopter.com<\/a><\/p><p>\u00a0<\/p><p><em>Self<\/em><em> illuminated 3D printed parts, collecting light laterally, and re-emitting at extremities :<\/em><\/p>\t\t\t\t\t\t\t\t<\/div>\n\t\t\t\t\t<\/div>\n\t\t\t\t<\/div>\n\t\t<div class=\"elementor-element elementor-element-968c997 e-flex e-con-boxed e-con e-parent\" data-id=\"968c997\" data-element_type=\"container\">\n\t\t\t\t\t<div class=\"e-con-inner\">\n\t\t\t\t<div class=\"elementor-element elementor-element-81398a0 elementor-widget elementor-widget-image\" data-id=\"81398a0\" data-element_type=\"widget\" data-widget_type=\"image.default\">\n\t\t\t\t\t\t\t\t\t\t\t\t\t\t\t<img decoding=\"async\" width=\"525\" height=\"442\" src=\"https:\/\/northcopter.com\/wp-content\/uploads\/2025\/11\/PXL_20251104_0846550362-1024x862.webp\" class=\"attachment-large size-large wp-image-146\" alt=\"3d printed light intensifyer by northcopter\" srcset=\"https:\/\/northcopter.com\/wp-content\/uploads\/2025\/11\/PXL_20251104_0846550362-1024x862.webp 1024w, https:\/\/northcopter.com\/wp-content\/uploads\/2025\/11\/PXL_20251104_0846550362-300x252.webp 300w, https:\/\/northcopter.com\/wp-content\/uploads\/2025\/11\/PXL_20251104_0846550362-768x646.webp 768w, https:\/\/northcopter.com\/wp-content\/uploads\/2025\/11\/PXL_20251104_0846550362-1536x1292.webp 1536w, https:\/\/northcopter.com\/wp-content\/uploads\/2025\/11\/PXL_20251104_0846550362.webp 1920w\" sizes=\"100vw\" \/>\t\t\t\t\t\t\t\t\t\t\t\t\t\t\t<\/div>\n\t\t\t\t\t<\/div>\n\t\t\t\t<\/div>\n\t\t<div class=\"elementor-element elementor-element-f6c4d94 e-flex e-con-boxed e-con e-parent\" data-id=\"f6c4d94\" data-element_type=\"container\">\n\t\t\t\t\t<div class=\"e-con-inner\">\n\t\t\t\t<div class=\"elementor-element elementor-element-059b521 elementor-widget elementor-widget-image\" data-id=\"059b521\" data-element_type=\"widget\" data-widget_type=\"image.default\">\n\t\t\t\t\t\t\t\t\t\t\t\t\t\t\t<img decoding=\"async\" width=\"525\" height=\"465\" src=\"https:\/\/northcopter.com\/wp-content\/uploads\/2026\/03\/viseufusi-1024x907.webp\" class=\"attachment-large size-large wp-image-236\" alt=\"viseur de fusil avec intensificateur de lumi\u00e8re r\u00e9alis\u00e9 en impression 3D\" srcset=\"https:\/\/northcopter.com\/wp-content\/uploads\/2026\/03\/viseufusi-1024x907.webp 1024w, https:\/\/northcopter.com\/wp-content\/uploads\/2026\/03\/viseufusi-300x266.webp 300w, https:\/\/northcopter.com\/wp-content\/uploads\/2026\/03\/viseufusi-768x680.webp 768w, https:\/\/northcopter.com\/wp-content\/uploads\/2026\/03\/viseufusi.webp 1346w\" sizes=\"100vw\" \/>\t\t\t\t\t\t\t\t\t\t\t\t\t\t\t<\/div>\n\t\t\t\t\t<\/div>\n\t\t\t\t<\/div>\n\t\t<div class=\"elementor-element elementor-element-246262d e-flex e-con-boxed e-con e-parent\" data-id=\"246262d\" data-element_type=\"container\">\n\t\t\t\t\t<div class=\"e-con-inner\">\n\t\t\t\t<div class=\"elementor-element elementor-element-e42a41e elementor-widget elementor-widget-text-editor\" data-id=\"e42a41e\" data-element_type=\"widget\" data-widget_type=\"text-editor.default\">\n\t\t\t\t\t\t\t\t\t<p>3D printed part mounted on a Picatinny rail for riffles.<\/p><p>It has light intensifying properties, collecting the blue in sun light, and reemitting in green at extremities<\/p>\t\t\t\t\t\t\t\t<\/div>\n\t\t\t\t\t<\/div>\n\t\t\t\t<\/div>\n\t\t\t\t<\/div>\n\t\t","protected":false},"excerpt":{"rendered":"<p>We have developed specific resins for optical applications, as well as chemical and mechanical polishing systems to obtain parts with exceptional qualities through 3D printing. We also have a unique coating technique to generate \u2018light guide\u2019 effects. More details : lak@northcopter.com \u00a0 Self illuminated 3D printed parts, collecting light laterally, and re-emitting at extremities : &hellip; <\/p>\n<p class=\"link-more\"><a href=\"https:\/\/northcopter.com\/index.php\/3d-printed-optical-parts\/\" class=\"more-link\">Continue reading<span class=\"screen-reader-text\"> &#8220;3D printed optical parts&#8221;<\/span><\/a><\/p>\n","protected":false},"author":1,"featured_media":0,"parent":0,"menu_order":0,"comment_status":"closed","ping_status":"closed","template":"","meta":{"footnotes":""},"class_list":["post-131","page","type-page","status-publish","hentry"],"_links":{"self":[{"href":"https:\/\/northcopter.com\/index.php\/wp-json\/wp\/v2\/pages\/131","targetHints":{"allow":["GET"]}}],"collection":[{"href":"https:\/\/northcopter.com\/index.php\/wp-json\/wp\/v2\/pages"}],"about":[{"href":"https:\/\/northcopter.com\/index.php\/wp-json\/wp\/v2\/types\/page"}],"author":[{"embeddable":true,"href":"https:\/\/northcopter.com\/index.php\/wp-json\/wp\/v2\/users\/1"}],"replies":[{"embeddable":true,"href":"https:\/\/northcopter.com\/index.php\/wp-json\/wp\/v2\/comments?post=131"}],"version-history":[{"count":28,"href":"https:\/\/northcopter.com\/index.php\/wp-json\/wp\/v2\/pages\/131\/revisions"}],"predecessor-version":[{"id":262,"href":"https:\/\/northcopter.com\/index.php\/wp-json\/wp\/v2\/pages\/131\/revisions\/262"}],"wp:attachment":[{"href":"https:\/\/northcopter.com\/index.php\/wp-json\/wp\/v2\/media?parent=131"}],"curies":[{"name":"wp","href":"https:\/\/api.w.org\/{rel}","templated":true}]}}